{"id":1038,"date":"2016-10-09T16:20:36","date_gmt":"2016-10-09T15:20:36","guid":{"rendered":"http:\/\/www.amisdesjardinsfamiliauxdesaverne.fr\/?page_id=1038"},"modified":"2016-10-09T16:20:36","modified_gmt":"2016-10-09T15:20:36","slug":"journee-decouverte","status":"publish","type":"page","link":"https:\/\/www.amisdesjardinsfamiliauxdesaverne.fr\/?page_id=1038","title":{"rendered":"Journ\u00e9e d\u00e9couverte"},"content":{"rendered":"<p>Cette journ\u00e9e a permis \u00e0 de nombreux savernois de d\u00e9couvrir notre association et notre site.<\/p>\n<p>Un grand merci \u00e0 tous les b\u00e9n\u00e9voles<\/p>\n<p><a href=\"https:\/\/www.amisdesjardinsfamiliauxdesaverne.fr\/wp-content\/uploads\/2016\/10\/convives.jpg\"><img loading=\"lazy\" decoding=\"async\" class=\"alignnone size-medium wp-image-1041 colorbox-1038\" src=\"https:\/\/www.amisdesjardinsfamiliauxdesaverne.fr\/wp-content\/uploads\/2016\/10\/convives-300x169.jpg\" alt=\"convives\" width=\"300\" height=\"169\" srcset=\"https:\/\/www.amisdesjardinsfamiliauxdesaverne.fr\/wp-content\/uploads\/2016\/10\/convives-300x169.jpg 300w, https:\/\/www.amisdesjardinsfamiliauxdesaverne.fr\/wp-content\/uploads\/2016\/10\/convives-768x432.jpg 768w, https:\/\/www.amisdesjardinsfamiliauxdesaverne.fr\/wp-content\/uploads\/2016\/10\/convives-500x281.jpg 500w, https:\/\/www.amisdesjardinsfamiliauxdesaverne.fr\/wp-content\/uploads\/2016\/10\/convives.jpg 866w\" sizes=\"auto, (max-width: 300px) 100vw, 300px\" \/><\/a><\/p>\n<p style=\"text-align: center;\"><a href=\"https:\/\/www.amisdesjardinsfamiliauxdesaverne.fr\/wp-content\/uploads\/2016\/10\/troc-plantes.jpg\"><img loading=\"lazy\" decoding=\"async\" class=\"alignnone size-medium wp-image-1040 colorbox-1038\" src=\"https:\/\/www.amisdesjardinsfamiliauxdesaverne.fr\/wp-content\/uploads\/2016\/10\/troc-plantes-300x169.jpg\" alt=\"troc-plantes\" width=\"300\" height=\"169\" srcset=\"https:\/\/www.amisdesjardinsfamiliauxdesaverne.fr\/wp-content\/uploads\/2016\/10\/troc-plantes-300x169.jpg 300w, https:\/\/www.amisdesjardinsfamiliauxdesaverne.fr\/wp-content\/uploads\/2016\/10\/troc-plantes-768x432.jpg 768w, https:\/\/www.amisdesjardinsfamiliauxdesaverne.fr\/wp-content\/uploads\/2016\/10\/troc-plantes-500x281.jpg 500w, https:\/\/www.amisdesjardinsfamiliauxdesaverne.fr\/wp-content\/uploads\/2016\/10\/troc-plantes.jpg 866w\" sizes=\"auto, (max-width: 300px) 100vw, 300px\" \/><\/a><\/p>\n<p style=\"text-align: center;\"><a href=\"https:\/\/www.amisdesjardinsfamiliauxdesaverne.fr\/wp-content\/uploads\/2016\/10\/Annette-et-Michele.jpg\"><img loading=\"lazy\" decoding=\"async\" class=\"alignnone size-medium wp-image-1039 alignleft colorbox-1038\" src=\"https:\/\/www.amisdesjardinsfamiliauxdesaverne.fr\/wp-content\/uploads\/2016\/10\/Annette-et-Michele-300x212.jpg\" alt=\"annette-et-michele\" width=\"300\" height=\"212\" srcset=\"https:\/\/www.amisdesjardinsfamiliauxdesaverne.fr\/wp-content\/uploads\/2016\/10\/Annette-et-Michele-300x212.jpg 300w, https:\/\/www.amisdesjardinsfamiliauxdesaverne.fr\/wp-content\/uploads\/2016\/10\/Annette-et-Michele-424x300.jpg 424w, https:\/\/www.amisdesjardinsfamiliauxdesaverne.fr\/wp-content\/uploads\/2016\/10\/Annette-et-Michele.jpg 605w\" sizes=\"auto, (max-width: 300px) 100vw, 300px\" \/><br \/>\n<\/a><\/p>\n","protected":false},"excerpt":{"rendered":"<p>Cette journ\u00e9e a permis \u00e0 de nombreux savernois de d\u00e9couvrir notre association et notre site. Un grand merci \u00e0 tous les b\u00e9n\u00e9voles<\/p>\n","protected":false},"author":1,"featured_media":0,"parent":0,"menu_order":0,"comment_status":"closed","ping_status":"closed","template":"","meta":{"footnotes":""},"class_list":["post-1038","page","type-page","status-publish","hentry"],"_links":{"self":[{"href":"https:\/\/www.amisdesjardinsfamiliauxdesaverne.fr\/index.php?rest_route=\/wp\/v2\/pages\/1038","targetHints":{"allow":["GET"]}}],"collection":[{"href":"https:\/\/www.amisdesjardinsfamiliauxdesaverne.fr\/index.php?rest_route=\/wp\/v2\/pages"}],"about":[{"href":"https:\/\/www.amisdesjardinsfamiliauxdesaverne.fr\/index.php?rest_route=\/wp\/v2\/types\/page"}],"author":[{"embeddable":true,"href":"https:\/\/www.amisdesjardinsfamiliauxdesaverne.fr\/index.php?rest_route=\/wp\/v2\/users\/1"}],"replies":[{"embeddable":true,"href":"https:\/\/www.amisdesjardinsfamiliauxdesaverne.fr\/index.php?rest_route=%2Fwp%2Fv2%2Fcomments&post=1038"}],"version-history":[{"count":1,"href":"https:\/\/www.amisdesjardinsfamiliauxdesaverne.fr\/index.php?rest_route=\/wp\/v2\/pages\/1038\/revisions"}],"predecessor-version":[{"id":1042,"href":"https:\/\/www.amisdesjardinsfamiliauxdesaverne.fr\/index.php?rest_route=\/wp\/v2\/pages\/1038\/revisions\/1042"}],"wp:attachment":[{"href":"https:\/\/www.amisdesjardinsfamiliauxdesaverne.fr\/index.php?rest_route=%2Fwp%2Fv2%2Fmedia&parent=1038"}],"curies":[{"name":"wp","href":"https:\/\/api.w.org\/{rel}","templated":true}]}}