{"id":1071,"date":"2016-10-18T12:01:44","date_gmt":"2016-10-18T11:01:44","guid":{"rendered":"http:\/\/www.amisdesjardinsfamiliauxdesaverne.fr\/?page_id=1071"},"modified":"2016-10-18T12:01:44","modified_gmt":"2016-10-18T11:01:44","slug":"la-nouvelle-serre","status":"publish","type":"page","link":"https:\/\/www.amisdesjardinsfamiliauxdesaverne.fr\/?page_id=1071","title":{"rendered":"La nouvelle serre"},"content":{"rendered":"<p>Avec le soutien de nos partenaires, la ville de Saverne et G.R.D.F. l&rsquo;association a pu acqu\u00e9rir une nouvelle serre de 16m2. Ce nouvel outil permettra de proposer des plants aux jardiniers d\u00e8s le printemps 2017.Un grand merci \u00e0 tous les jardiniers qui ont \u0153uvr\u00e9, sous la tutelle de Jacky, pour le montage de ce nouvel \u00e9quipement.<\/p>\n<p><a href=\"https:\/\/www.amisdesjardinsfamiliauxdesaverne.fr\/wp-content\/uploads\/2016\/10\/finitions.jpg\"><img loading=\"lazy\" decoding=\"async\" class=\"alignnone size-medium wp-image-1048 colorbox-1071\" src=\"https:\/\/www.amisdesjardinsfamiliauxdesaverne.fr\/wp-content\/uploads\/2016\/10\/finitions-300x214.jpg\" alt=\"finitions\" width=\"300\" height=\"214\" srcset=\"https:\/\/www.amisdesjardinsfamiliauxdesaverne.fr\/wp-content\/uploads\/2016\/10\/finitions-300x214.jpg 300w, https:\/\/www.amisdesjardinsfamiliauxdesaverne.fr\/wp-content\/uploads\/2016\/10\/finitions-768x547.jpg 768w, https:\/\/www.amisdesjardinsfamiliauxdesaverne.fr\/wp-content\/uploads\/2016\/10\/finitions-421x300.jpg 421w, https:\/\/www.amisdesjardinsfamiliauxdesaverne.fr\/wp-content\/uploads\/2016\/10\/finitions.jpg 900w\" sizes=\"auto, (max-width: 300px) 100vw, 300px\" \/><\/a><\/p>\n<p style=\"text-align: right;\"><a href=\"https:\/\/www.amisdesjardinsfamiliauxdesaverne.fr\/wp-content\/uploads\/2016\/10\/13.-inauguration-groupe-1.jpg\"><img loading=\"lazy\" decoding=\"async\" class=\"alignnone size-medium wp-image-1068 colorbox-1071\" src=\"https:\/\/www.amisdesjardinsfamiliauxdesaverne.fr\/wp-content\/uploads\/2016\/10\/13.-inauguration-groupe-1-300x186.jpg\" alt=\"13-inauguration-groupe\" width=\"300\" height=\"186\" srcset=\"https:\/\/www.amisdesjardinsfamiliauxdesaverne.fr\/wp-content\/uploads\/2016\/10\/13.-inauguration-groupe-1-300x186.jpg 300w, https:\/\/www.amisdesjardinsfamiliauxdesaverne.fr\/wp-content\/uploads\/2016\/10\/13.-inauguration-groupe-1-768x476.jpg 768w, https:\/\/www.amisdesjardinsfamiliauxdesaverne.fr\/wp-content\/uploads\/2016\/10\/13.-inauguration-groupe-1-1024x634.jpg 1024w, https:\/\/www.amisdesjardinsfamiliauxdesaverne.fr\/wp-content\/uploads\/2016\/10\/13.-inauguration-groupe-1-485x300.jpg 485w, https:\/\/www.amisdesjardinsfamiliauxdesaverne.fr\/wp-content\/uploads\/2016\/10\/13.-inauguration-groupe-1.jpg 1200w\" sizes=\"auto, (max-width: 300px) 100vw, 300px\" \/><\/a><\/p>\n","protected":false},"excerpt":{"rendered":"<p>Avec le soutien de nos partenaires, la ville de Saverne et G.R.D.F. l&rsquo;association a pu acqu\u00e9rir une nouvelle serre de 16m2. Ce nouvel outil permettra de proposer des plants aux jardiniers d\u00e8s le printemps 2017.Un grand merci \u00e0 tous les &hellip; <a href=\"https:\/\/www.amisdesjardinsfamiliauxdesaverne.fr\/?page_id=1071\">Continuer la lecture <span class=\"meta-nav\">&rarr;<\/span><\/a><\/p>\n","protected":false},"author":1,"featured_media":0,"parent":0,"menu_order":0,"comment_status":"closed","ping_status":"closed","template":"","meta":{"footnotes":""},"class_list":["post-1071","page","type-page","status-publish","hentry"],"_links":{"self":[{"href":"https:\/\/www.amisdesjardinsfamiliauxdesaverne.fr\/index.php?rest_route=\/wp\/v2\/pages\/1071","targetHints":{"allow":["GET"]}}],"collection":[{"href":"https:\/\/www.amisdesjardinsfamiliauxdesaverne.fr\/index.php?rest_route=\/wp\/v2\/pages"}],"about":[{"href":"https:\/\/www.amisdesjardinsfamiliauxdesaverne.fr\/index.php?rest_route=\/wp\/v2\/types\/page"}],"author":[{"embeddable":true,"href":"https:\/\/www.amisdesjardinsfamiliauxdesaverne.fr\/index.php?rest_route=\/wp\/v2\/users\/1"}],"replies":[{"embeddable":true,"href":"https:\/\/www.amisdesjardinsfamiliauxdesaverne.fr\/index.php?rest_route=%2Fwp%2Fv2%2Fcomments&post=1071"}],"version-history":[{"count":1,"href":"https:\/\/www.amisdesjardinsfamiliauxdesaverne.fr\/index.php?rest_route=\/wp\/v2\/pages\/1071\/revisions"}],"predecessor-version":[{"id":1072,"href":"https:\/\/www.amisdesjardinsfamiliauxdesaverne.fr\/index.php?rest_route=\/wp\/v2\/pages\/1071\/revisions\/1072"}],"wp:attachment":[{"href":"https:\/\/www.amisdesjardinsfamiliauxdesaverne.fr\/index.php?rest_route=%2Fwp%2Fv2%2Fmedia&parent=1071"}],"curies":[{"name":"wp","href":"https:\/\/api.w.org\/{rel}","templated":true}]}}