{"id":127,"date":"2014-07-30T08:48:03","date_gmt":"2014-07-30T07:48:03","guid":{"rendered":"http:\/\/www.amisdesjardinsfamiliauxdesaverne.fr\/?page_id=127"},"modified":"2014-12-17T17:37:03","modified_gmt":"2014-12-17T16:37:03","slug":"mentions-legales","status":"publish","type":"page","link":"https:\/\/www.amisdesjardinsfamiliauxdesaverne.fr\/?page_id=127","title":{"rendered":"Mentions l\u00e9gales"},"content":{"rendered":"<p><strong>Association des amis des jardins familiaux de Saverne \u00ab\u00a0A.A.J.F.S\u00a0\u00bb<\/strong><\/p>\n<p>Association inscrite au tribunal d&rsquo;instance de Saverne<\/p>\n<p><strong>repr\u00e9sent\u00e9e par la Pr\u00e9sidente:<\/strong><\/p>\n<p>Mme Papin Evelyne<\/p>\n<p>Rue de la vedette<\/p>\n<p>67700 Saverne<\/p>\n<p><strong>Responsable de\u00a0publication<\/strong>:<\/p>\n<p>M. Stutzmann Patrick<\/p>\n<p><strong>Ce site est h\u00e9berg\u00e9 par:<\/strong><\/p>\n<p>Uni-Deal<\/p>\n<p>8 place de la libert\u00e9 67800 Hoenheim<\/p>\n<p>c&#111;&#110;&#x74;&#x61;&#x63;t&#64;&#117;&#110;&#x69;&#x2d;&#x64;e&#97;&#108;&#46;&#x63;&#x6f;&#x6d;<\/p>\n","protected":false},"excerpt":{"rendered":"<p>Association des amis des jardins familiaux de Saverne \u00ab\u00a0A.A.J.F.S\u00a0\u00bb Association inscrite au tribunal d&rsquo;instance de Saverne repr\u00e9sent\u00e9e par la Pr\u00e9sidente: Mme Papin Evelyne Rue de la vedette 67700 Saverne Responsable de\u00a0publication: M. Stutzmann Patrick Ce site est h\u00e9berg\u00e9 par: Uni-Deal &hellip; <a href=\"https:\/\/www.amisdesjardinsfamiliauxdesaverne.fr\/?page_id=127\">Continuer la lecture <span class=\"meta-nav\">&rarr;<\/span><\/a><\/p>\n","protected":false},"author":1,"featured_media":0,"parent":0,"menu_order":0,"comment_status":"closed","ping_status":"closed","template":"","meta":{"footnotes":""},"class_list":["post-127","page","type-page","status-publish","hentry"],"_links":{"self":[{"href":"https:\/\/www.amisdesjardinsfamiliauxdesaverne.fr\/index.php?rest_route=\/wp\/v2\/pages\/127","targetHints":{"allow":["GET"]}}],"collection":[{"href":"https:\/\/www.amisdesjardinsfamiliauxdesaverne.fr\/index.php?rest_route=\/wp\/v2\/pages"}],"about":[{"href":"https:\/\/www.amisdesjardinsfamiliauxdesaverne.fr\/index.php?rest_route=\/wp\/v2\/types\/page"}],"author":[{"embeddable":true,"href":"https:\/\/www.amisdesjardinsfamiliauxdesaverne.fr\/index.php?rest_route=\/wp\/v2\/users\/1"}],"replies":[{"embeddable":true,"href":"https:\/\/www.amisdesjardinsfamiliauxdesaverne.fr\/index.php?rest_route=%2Fwp%2Fv2%2Fcomments&post=127"}],"version-history":[{"count":4,"href":"https:\/\/www.amisdesjardinsfamiliauxdesaverne.fr\/index.php?rest_route=\/wp\/v2\/pages\/127\/revisions"}],"predecessor-version":[{"id":307,"href":"https:\/\/www.amisdesjardinsfamiliauxdesaverne.fr\/index.php?rest_route=\/wp\/v2\/pages\/127\/revisions\/307"}],"wp:attachment":[{"href":"https:\/\/www.amisdesjardinsfamiliauxdesaverne.fr\/index.php?rest_route=%2Fwp%2Fv2%2Fmedia&parent=127"}],"curies":[{"name":"wp","href":"https:\/\/api.w.org\/{rel}","templated":true}]}}