{"id":167,"date":"2014-10-08T09:41:27","date_gmt":"2014-10-08T08:41:27","guid":{"rendered":"http:\/\/www.amisdesjardinsfamiliauxdesaverne.fr\/?page_id=167"},"modified":"2015-07-14T16:55:56","modified_gmt":"2015-07-14T15:55:56","slug":"rencontre-avec-nos-amis-allemands","status":"publish","type":"page","link":"https:\/\/www.amisdesjardinsfamiliauxdesaverne.fr\/?page_id=167","title":{"rendered":"Rencontre avec nos amis allemands"},"content":{"rendered":"<p>Chaque ann\u00e9e, les jardiniers savernois rencontrent leurs homologues allemands de Donaueschingen.<\/p>\n<p>Le 27 juin 2015, nous nous sommes rendus \u00e0 Donaueschingen.<\/p>\n<p>Apr\u00e8s une petite halte \u00e0 Staufen, petite ville pittoresque, avec son ch\u00e2teau entour\u00e9 de vignobles, mais \u00e9galement avec ses nombreuses maisons fissur\u00e9es suite \u00e0 des forages g\u00e9othermiques, nous avons \u00e9t\u00e9 accueillis par nos amis allemands \u00e0 Donaueschingen.<\/p>\n<p>Apr\u00e8s quelques mots d&rsquo;accueil prononc\u00e9s par l&rsquo;adjoint au maire et par les\u00a0pr\u00e9sidents des deux associations assist\u00e9 par Robert en tant qu&rsquo;interpr\u00e8te,\u00a0nous avons \u00e9chang\u00e9 trucs et astuces de jardiniers autour d&rsquo;un bon repas avant\u00a0une visite guid\u00e9e la ville de Donaueschingen, son centre, son ch\u00e2teau et sa source.<\/p>\n<p>Vous trouverez quelques\u00a0photos de cette belle journ\u00e9e dans <strong>\u00ab\u00a0galeries\u00a0photos\u00a0\u00bb\u00a0<\/strong><\/p>\n<p>Rendez vous a \u00e9t\u00e9 pris pour l&rsquo;ann\u00e9e prochaine \u00e0 Saverne<\/p>\n<p>&nbsp;<\/p>\n","protected":false},"excerpt":{"rendered":"<p>Chaque ann\u00e9e, les jardiniers savernois rencontrent leurs homologues allemands de Donaueschingen. Le 27 juin 2015, nous nous sommes rendus \u00e0 Donaueschingen. Apr\u00e8s une petite halte \u00e0 Staufen, petite ville pittoresque, avec son ch\u00e2teau entour\u00e9 de vignobles, mais \u00e9galement avec ses &hellip; <a href=\"https:\/\/www.amisdesjardinsfamiliauxdesaverne.fr\/?page_id=167\">Continuer la lecture <span class=\"meta-nav\">&rarr;<\/span><\/a><\/p>\n","protected":false},"author":1,"featured_media":0,"parent":0,"menu_order":0,"comment_status":"closed","ping_status":"closed","template":"","meta":{"footnotes":""},"class_list":["post-167","page","type-page","status-publish","hentry"],"_links":{"self":[{"href":"https:\/\/www.amisdesjardinsfamiliauxdesaverne.fr\/index.php?rest_route=\/wp\/v2\/pages\/167","targetHints":{"allow":["GET"]}}],"collection":[{"href":"https:\/\/www.amisdesjardinsfamiliauxdesaverne.fr\/index.php?rest_route=\/wp\/v2\/pages"}],"about":[{"href":"https:\/\/www.amisdesjardinsfamiliauxdesaverne.fr\/index.php?rest_route=\/wp\/v2\/types\/page"}],"author":[{"embeddable":true,"href":"https:\/\/www.amisdesjardinsfamiliauxdesaverne.fr\/index.php?rest_route=\/wp\/v2\/users\/1"}],"replies":[{"embeddable":true,"href":"https:\/\/www.amisdesjardinsfamiliauxdesaverne.fr\/index.php?rest_route=%2Fwp%2Fv2%2Fcomments&post=167"}],"version-history":[{"count":10,"href":"https:\/\/www.amisdesjardinsfamiliauxdesaverne.fr\/index.php?rest_route=\/wp\/v2\/pages\/167\/revisions"}],"predecessor-version":[{"id":614,"href":"https:\/\/www.amisdesjardinsfamiliauxdesaverne.fr\/index.php?rest_route=\/wp\/v2\/pages\/167\/revisions\/614"}],"wp:attachment":[{"href":"https:\/\/www.amisdesjardinsfamiliauxdesaverne.fr\/index.php?rest_route=%2Fwp%2Fv2%2Fmedia&parent=167"}],"curies":[{"name":"wp","href":"https:\/\/api.w.org\/{rel}","templated":true}]}}