{"id":310,"date":"2014-12-20T16:58:50","date_gmt":"2014-12-20T15:58:50","guid":{"rendered":"http:\/\/www.amisdesjardinsfamiliauxdesaverne.fr\/?page_id=310"},"modified":"2022-04-02T21:09:34","modified_gmt":"2022-04-02T20:09:34","slug":"attibution-dun-jardin","status":"publish","type":"page","link":"https:\/\/www.amisdesjardinsfamiliauxdesaverne.fr\/?page_id=310","title":{"rendered":"Attribution d&rsquo;un jardin"},"content":{"rendered":"<p>Pour obtenir une parcelle,\u00a0le jardinier paie un droit d&rsquo;entr\u00e9e,\u00a0un d\u00e9p\u00f4t de garantie pour les \u00e9quipements individuels mis \u00e0 sa disposition: cabanon, r\u00e9cup\u00e9rateur d&rsquo;eau, compteur individuel d&rsquo;eau ainsi qu&rsquo;une avance de charges.<\/p>\n<p>Une parcelle est attribu\u00e9e pour une ann\u00e9e de culture soit du 1er f\u00e9vrier de l&rsquo;ann\u00e9e en cours au 31 janvier de l&rsquo;ann\u00e9e suivante.<\/p>\n<p>Chaque ann\u00e9e, le jardinier\u00a0r\u00e8gle une cotisation calcul\u00e9e\u00a0selon la taille de\u00a0la parcelle qui lui a \u00e9t\u00e9\u00a0attribu\u00e9e et sa consommation d&rsquo;eau calcul\u00e9e \u00e0 partir du relev\u00e9 du compteur individuel.<\/p>\n<p>La facture annuelle est envoy\u00e9e au jardinier avec la convocation \u00e0 l&rsquo;assembl\u00e9e g\u00e9n\u00e9rale ordinaire. Elle doit \u00eatre r\u00e9gl\u00e9e au plus tard le 1er avril de l&rsquo;ann\u00e9e en cours.<\/p>\n<p>Le d\u00e9p\u00f4t de garantie est restitu\u00e9 au jardinier apr\u00e8s restitution en \u00e9tat de la parcelle et des \u00e9quipements individuels ainsi qu&rsquo;apr\u00e8s l&rsquo;apurement de la consommation d&rsquo;eau.<\/p>\n<p>Pour plus de pr\u00e9cisions, consultez le r\u00e8glement int\u00e9rieur.<\/p>\n<p>Pour toutes demandes d&rsquo;attributions de jardins, merci de contacter soit le pr\u00e9sident ( Patrick BERNHARDT) au 06.38.84.73.36 soit le tr\u00e9sorier ( Jean TORRES) au 06.31.31.22.34.<\/p>\n<p><strong>Tarifs 2022:<\/strong><\/p>\n<p>&#8211; Droit d&rsquo;entr\u00e9e: <strong>10 \u20ac<\/strong> (uniquement la premi\u00e8re ann\u00e9e)<\/p>\n<p>&#8211; D\u00e9p\u00f4t de garantie: <strong>120 \u20ac<\/strong> (une seule fois)<\/p>\n<p><em>Sur demande, un paiement fractionn\u00e9 est possible<\/em><\/p>\n<p>&#8211; Cotisation annuelle pour une parcelle de moins de\u00a069 m2: <strong>45 \u20ac<\/strong><\/p>\n<p>&#8211; Cotisation annuelle pour une parcelle de 70 \u00e0 89 m2: <strong>50 \u20ac<\/strong><\/p>\n<p>&#8211; Cotisation annuelle pour une parcelle de 90 \u00e0 129 m2: <strong>55 \u20ac<\/strong><\/p>\n<p>&#8211; Cotisation annuelle pour une parcelle de 130\u00e0 169- \u00a0m2: <strong>65 \u20ac<\/strong><\/p>\n<p>&#8211; Cotisation annuelle pour une parcelles de plus de 170 m2 : <strong>70 \u20ac<\/strong><\/p>\n","protected":false},"excerpt":{"rendered":"<p>Pour obtenir une parcelle,\u00a0le jardinier paie un droit d&rsquo;entr\u00e9e,\u00a0un d\u00e9p\u00f4t de garantie pour les \u00e9quipements individuels mis \u00e0 sa disposition: cabanon, r\u00e9cup\u00e9rateur d&rsquo;eau, compteur individuel d&rsquo;eau ainsi qu&rsquo;une avance de charges. Une parcelle est attribu\u00e9e pour une ann\u00e9e de culture &hellip; <a href=\"https:\/\/www.amisdesjardinsfamiliauxdesaverne.fr\/?page_id=310\">Continuer la lecture <span class=\"meta-nav\">&rarr;<\/span><\/a><\/p>\n","protected":false},"author":1,"featured_media":0,"parent":0,"menu_order":0,"comment_status":"closed","ping_status":"closed","template":"","meta":{"footnotes":""},"class_list":["post-310","page","type-page","status-publish","hentry"],"_links":{"self":[{"href":"https:\/\/www.amisdesjardinsfamiliauxdesaverne.fr\/index.php?rest_route=\/wp\/v2\/pages\/310","targetHints":{"allow":["GET"]}}],"collection":[{"href":"https:\/\/www.amisdesjardinsfamiliauxdesaverne.fr\/index.php?rest_route=\/wp\/v2\/pages"}],"about":[{"href":"https:\/\/www.amisdesjardinsfamiliauxdesaverne.fr\/index.php?rest_route=\/wp\/v2\/types\/page"}],"author":[{"embeddable":true,"href":"https:\/\/www.amisdesjardinsfamiliauxdesaverne.fr\/index.php?rest_route=\/wp\/v2\/users\/1"}],"replies":[{"embeddable":true,"href":"https:\/\/www.amisdesjardinsfamiliauxdesaverne.fr\/index.php?rest_route=%2Fwp%2Fv2%2Fcomments&post=310"}],"version-history":[{"count":17,"href":"https:\/\/www.amisdesjardinsfamiliauxdesaverne.fr\/index.php?rest_route=\/wp\/v2\/pages\/310\/revisions"}],"predecessor-version":[{"id":7550,"href":"https:\/\/www.amisdesjardinsfamiliauxdesaverne.fr\/index.php?rest_route=\/wp\/v2\/pages\/310\/revisions\/7550"}],"wp:attachment":[{"href":"https:\/\/www.amisdesjardinsfamiliauxdesaverne.fr\/index.php?rest_route=%2Fwp%2Fv2%2Fmedia&parent=310"}],"curies":[{"name":"wp","href":"https:\/\/api.w.org\/{rel}","templated":true}]}}