{"id":33,"date":"2014-06-16T20:11:55","date_gmt":"2014-06-16T19:11:55","guid":{"rendered":"http:\/\/www.amisdesjardinsfamiliauxdesaverne.fr?page_id=33"},"modified":"2022-04-02T21:12:23","modified_gmt":"2022-04-02T20:12:23","slug":"les-journees-de-travail","status":"publish","type":"page","link":"https:\/\/www.amisdesjardinsfamiliauxdesaverne.fr\/?page_id=33","title":{"rendered":"Les journ\u00e9es de travail"},"content":{"rendered":"<p>Au courant de l&rsquo;ann\u00e9e, chaque jardinier donne un peu de son temps pour des t\u00e2ches collectives permettant l&rsquo;entretien et l&#8217;embellissement du site ou pour aider \u00e0 la r\u00e9alisation de projets plus importants d\u00e9finis lors de l&rsquo;Assembl\u00e9e G\u00e9n\u00e9rale de l&rsquo;association.<\/p>\n<p>Au courant de l&rsquo;ann\u00e9e en cours, chaque jardinier consacre une dizaine d&rsquo;heures \u00e0 ces travaux (3 s\u00e9ances d&rsquo;environ 3 heures).<\/p>\n<p>Ces temps d&rsquo;effort collectif se terminent toujours par un moment convivial au chalet autour d&rsquo;un ap\u00e9ritif offert par l&rsquo;association. C&rsquo;est \u00e9galement le moment des anecdotes et des \u00e9changes de trucs et d&rsquo;astuces.<\/p>\n<p>Les dates sont annonc\u00e9es dans les compte-rendus de r\u00e9unions du comit\u00e9 et affich\u00e9es sur les panneaux pr\u00e9vus \u00e0 cet effet. Ces dates peuvent \u00eatre modifi\u00e9es en fonction des conditions m\u00e9t\u00e9orologiques.<\/p>\n<p>Vous pouvez consulter les dates et les horaires des s\u00e9ances de travail sur l&rsquo;agenda du site. <a href=\"https:\/\/www.amisdesjardinsfamiliauxdesaverne.fr\/?post_type=tribe_events\">agenda<\/a><\/p>\n","protected":false},"excerpt":{"rendered":"<p>Au courant de l&rsquo;ann\u00e9e, chaque jardinier donne un peu de son temps pour des t\u00e2ches collectives permettant l&rsquo;entretien et l&#8217;embellissement du site ou pour aider \u00e0 la r\u00e9alisation de projets plus importants d\u00e9finis lors de l&rsquo;Assembl\u00e9e G\u00e9n\u00e9rale de l&rsquo;association. Au &hellip; <a href=\"https:\/\/www.amisdesjardinsfamiliauxdesaverne.fr\/?page_id=33\">Continuer la lecture <span class=\"meta-nav\">&rarr;<\/span><\/a><\/p>\n","protected":false},"author":1,"featured_media":0,"parent":0,"menu_order":0,"comment_status":"closed","ping_status":"open","template":"","meta":{"footnotes":""},"class_list":["post-33","page","type-page","status-publish","hentry"],"_links":{"self":[{"href":"https:\/\/www.amisdesjardinsfamiliauxdesaverne.fr\/index.php?rest_route=\/wp\/v2\/pages\/33","targetHints":{"allow":["GET"]}}],"collection":[{"href":"https:\/\/www.amisdesjardinsfamiliauxdesaverne.fr\/index.php?rest_route=\/wp\/v2\/pages"}],"about":[{"href":"https:\/\/www.amisdesjardinsfamiliauxdesaverne.fr\/index.php?rest_route=\/wp\/v2\/types\/page"}],"author":[{"embeddable":true,"href":"https:\/\/www.amisdesjardinsfamiliauxdesaverne.fr\/index.php?rest_route=\/wp\/v2\/users\/1"}],"replies":[{"embeddable":true,"href":"https:\/\/www.amisdesjardinsfamiliauxdesaverne.fr\/index.php?rest_route=%2Fwp%2Fv2%2Fcomments&post=33"}],"version-history":[{"count":10,"href":"https:\/\/www.amisdesjardinsfamiliauxdesaverne.fr\/index.php?rest_route=\/wp\/v2\/pages\/33\/revisions"}],"predecessor-version":[{"id":7552,"href":"https:\/\/www.amisdesjardinsfamiliauxdesaverne.fr\/index.php?rest_route=\/wp\/v2\/pages\/33\/revisions\/7552"}],"wp:attachment":[{"href":"https:\/\/www.amisdesjardinsfamiliauxdesaverne.fr\/index.php?rest_route=%2Fwp%2Fv2%2Fmedia&parent=33"}],"curies":[{"name":"wp","href":"https:\/\/api.w.org\/{rel}","templated":true}]}}