{"id":477,"date":"2015-03-22T18:14:02","date_gmt":"2015-03-22T17:14:02","guid":{"rendered":"http:\/\/www.amisdesjardinsfamiliauxdesaverne.fr\/?page_id=477"},"modified":"2015-03-25T17:26:15","modified_gmt":"2015-03-25T16:26:15","slug":"conference-un-sol-vivant-2","status":"publish","type":"page","link":"https:\/\/www.amisdesjardinsfamiliauxdesaverne.fr\/?page_id=477","title":{"rendered":"Conf\u00e9rence \u00ab\u00a0un sol vivant\u00a0\u00bb"},"content":{"rendered":"<p>Dans le cadre de la semaine des alternatives aux pesticides, les amis des jardins familiaux ont accueillis sur leur site une conf\u00e9rence sur le th\u00e8me \u00ab\u00a0un sol vivant pour des l\u00e9gumes sains.<\/p>\n<p>Une soixantaine de personnes ont r\u00e9pondu pr\u00e9sent et ont brav\u00e9\u00a0une m\u00e9t\u00e9o peu favorable\u00a0pour assister \u00e0 cette pr\u00e9sentation sous le chapiteau mis \u00e0 disposition par la ville de Saverne.<\/p>\n<p>Apr\u00e8s les diff\u00e9rentes pr\u00e9sentations et la visite d&rsquo;un jardin, les participants ont partag\u00e9 un petit repas, dans la bonne humeur, sous la grande serre, am\u00e9nag\u00e9e pour l&rsquo;occasion pour se prot\u00e9ger du vent froid, pour continuer les \u00e9changes engag\u00e9s au courant de la matin\u00e9e.<\/p>\n<p>Un grand merci aux conf\u00e9renciers\u00a0ainsi qu&rsquo;aux\u00a0jardiniers b\u00e9n\u00e9voles pour l&rsquo;organisation de cette journ\u00e9e.<\/p>\n<p><a href=\"https:\/\/www.amisdesjardinsfamiliauxdesaverne.fr\/wp-content\/uploads\/2015\/03\/Conf\u00e9rence-8-e1427043462648.jpg\"><img loading=\"lazy\" decoding=\"async\" class=\" size-medium wp-image-475 aligncenter colorbox-477\" src=\"https:\/\/www.amisdesjardinsfamiliauxdesaverne.fr\/wp-content\/uploads\/2015\/03\/Conf\u00e9rence-8-e1427043462648-300x169.jpg\" alt=\"Conf\u00e9rence 8\" width=\"300\" height=\"169\" srcset=\"https:\/\/www.amisdesjardinsfamiliauxdesaverne.fr\/wp-content\/uploads\/2015\/03\/Conf\u00e9rence-8-e1427043462648-300x169.jpg 300w, https:\/\/www.amisdesjardinsfamiliauxdesaverne.fr\/wp-content\/uploads\/2015\/03\/Conf\u00e9rence-8-e1427043462648-500x281.jpg 500w, https:\/\/www.amisdesjardinsfamiliauxdesaverne.fr\/wp-content\/uploads\/2015\/03\/Conf\u00e9rence-8-e1427043462648.jpg 651w\" sizes=\"auto, (max-width: 300px) 100vw, 300px\" \/><\/a><\/p>\n<p>Plus de\u00a0photos de la journ\u00e9e dans la rubrique \u00ab\u00a0galeries photos\u00a0\u00bb<\/p>\n","protected":false},"excerpt":{"rendered":"<p>Dans le cadre de la semaine des alternatives aux pesticides, les amis des jardins familiaux ont accueillis sur leur site une conf\u00e9rence sur le th\u00e8me \u00ab\u00a0un sol vivant pour des l\u00e9gumes sains. Une soixantaine de personnes ont r\u00e9pondu pr\u00e9sent et &hellip; <a href=\"https:\/\/www.amisdesjardinsfamiliauxdesaverne.fr\/?page_id=477\">Continuer la lecture <span class=\"meta-nav\">&rarr;<\/span><\/a><\/p>\n","protected":false},"author":1,"featured_media":0,"parent":0,"menu_order":0,"comment_status":"closed","ping_status":"closed","template":"","meta":{"footnotes":""},"class_list":["post-477","page","type-page","status-publish","hentry"],"_links":{"self":[{"href":"https:\/\/www.amisdesjardinsfamiliauxdesaverne.fr\/index.php?rest_route=\/wp\/v2\/pages\/477","targetHints":{"allow":["GET"]}}],"collection":[{"href":"https:\/\/www.amisdesjardinsfamiliauxdesaverne.fr\/index.php?rest_route=\/wp\/v2\/pages"}],"about":[{"href":"https:\/\/www.amisdesjardinsfamiliauxdesaverne.fr\/index.php?rest_route=\/wp\/v2\/types\/page"}],"author":[{"embeddable":true,"href":"https:\/\/www.amisdesjardinsfamiliauxdesaverne.fr\/index.php?rest_route=\/wp\/v2\/users\/1"}],"replies":[{"embeddable":true,"href":"https:\/\/www.amisdesjardinsfamiliauxdesaverne.fr\/index.php?rest_route=%2Fwp%2Fv2%2Fcomments&post=477"}],"version-history":[{"count":4,"href":"https:\/\/www.amisdesjardinsfamiliauxdesaverne.fr\/index.php?rest_route=\/wp\/v2\/pages\/477\/revisions"}],"predecessor-version":[{"id":482,"href":"https:\/\/www.amisdesjardinsfamiliauxdesaverne.fr\/index.php?rest_route=\/wp\/v2\/pages\/477\/revisions\/482"}],"wp:attachment":[{"href":"https:\/\/www.amisdesjardinsfamiliauxdesaverne.fr\/index.php?rest_route=%2Fwp%2Fv2%2Fmedia&parent=477"}],"curies":[{"name":"wp","href":"https:\/\/api.w.org\/{rel}","templated":true}]}}