{"id":53,"date":"2014-06-17T08:45:01","date_gmt":"2014-06-17T07:45:01","guid":{"rendered":"http:\/\/www.amisdesjardinsfamiliauxdesaverne.fr?page_id=53"},"modified":"2017-01-28T17:00:59","modified_gmt":"2017-01-28T16:00:59","slug":"historique","status":"publish","type":"page","link":"https:\/\/www.amisdesjardinsfamiliauxdesaverne.fr\/?page_id=53","title":{"rendered":"L&rsquo;histoire d&rsquo;un jardin familial"},"content":{"rendered":"<p>L&rsquo;association des jardins familiaux de Saverne a \u00e9t\u00e9 fond\u00e9e en 1947. Elle a chang\u00e9 de nom \u00e0 plusieurs reprises en un demi-si\u00e8cle et elle a d\u00e9m\u00e9nag\u00e9e en 2010.<\/p>\n<p>Les jardins familiaux de Saverne tels que nous les connaissons aujourd\u2019hui sont le fruit d\u2019une longue r\u00e9flexion.<\/p>\n<p>En 2007, une partie des terrains occup\u00e9s par les jardins fut c\u00e9d\u00e9e \u00e0 la brasserie \u00ab\u00a0La Licorne\u00a0\u00bb<\/p>\n<p>De l\u00e0 plusieurs solutions sont envisag\u00e9es dont un d\u00e9placement non loin de la SPA.<\/p>\n<p style=\"text-align: center;\"><a href=\"https:\/\/www.amisdesjardinsfamiliauxdesaverne.fr\/wp-content\/uploads\/2014\/12\/ancien-jardin-5.jpg\"><img loading=\"lazy\" decoding=\"async\" class=\"alignnone wp-image-254 colorbox-53\" src=\"https:\/\/www.amisdesjardinsfamiliauxdesaverne.fr\/wp-content\/uploads\/2014\/12\/ancien-jardin-5-300x225.jpg\" alt=\"EPSON DSC picture\" width=\"245\" height=\"186\" \/><\/a><\/p>\n<p>Finalement, c\u2019est en 2010 que la municipalit\u00e9 opte pour le regroupement autour du cimeti\u00e8re en lib\u00e9rant un terrain alors occup\u00e9 par les services techniques de la ville de part et d\u2019autre de l\u2019antenne de t\u00e9l\u00e9phonie mobile. La d\u00e9cision est prise et vot\u00e9e \u00e0 la quasi unanimit\u00e9 (une seule personne s\u2019abstient du fait de la proximit\u00e9 de ladite antenne et des r\u00e9serves quant aux nuisances possibles de celle-ci).<\/p>\n<p>Les travaux peuvent d\u00e9buter. Ainsi, ce sont 93 parcelles de 75 ou 150 m2 qui sont cr\u00e9\u00e9es. Chacune d\u2019entre elles dispose d\u2019un cabanon, d\u2019un r\u00e9servoir de r\u00e9cup\u00e9ration d\u2019eau de pluie, d\u2019un bac \u00e0 compost, d\u2019un arbre fruitier et d\u2019un acc\u00e8s \u00e0 un point d\u2019eau. Ce dernier fonctionnant avec un compteur individuel.<\/p>\n<p><a href=\"https:\/\/www.amisdesjardinsfamiliauxdesaverne.fr\/wp-content\/uploads\/2014\/06\/Cabanons-r\u00e9duit.jpg\"><img loading=\"lazy\" decoding=\"async\" class=\"alignnone wp-image-214 colorbox-53\" src=\"https:\/\/www.amisdesjardinsfamiliauxdesaverne.fr\/wp-content\/uploads\/2014\/06\/Cabanons-r\u00e9duit-300x225.jpg\" alt=\"EPSON DSC picture\" width=\"246\" height=\"187\" \/><\/a>\u00a0\u00a0\u00a0\u00a0\u00a0\u00a0\u00a0\u00a0\u00a0\u00a0\u00a0\u00a0\u00a0 <a href=\"https:\/\/www.amisdesjardinsfamiliauxdesaverne.fr\/wp-content\/uploads\/2014\/06\/nouveaux-jardins-r\u00e9duit.jpg\"><img loading=\"lazy\" decoding=\"async\" class=\"alignnone wp-image-215 colorbox-53\" src=\"https:\/\/www.amisdesjardinsfamiliauxdesaverne.fr\/wp-content\/uploads\/2014\/06\/nouveaux-jardins-r\u00e9duit-300x225.jpg\" alt=\"EPSON DSC picture\" width=\"246\" height=\"188\" \/><\/a><\/p>\n<p>Ces \u00e9quipements posent r\u00e9solument la volont\u00e9 de la municipalit\u00e9 de s\u2019inscrire dans une d\u00e9marche de d\u00e9veloppement durable. \u00e0 laquelle l\u2019association\u00a0adh\u00e8re \u00e9galement.<\/p>\n<p>Des places de parking et un chalet collectif sont \u00e9galement cr\u00e9\u00e9s.<\/p>\n<p style=\"text-align: center;\"><a href=\"https:\/\/www.amisdesjardinsfamiliauxdesaverne.fr\/wp-content\/uploads\/2014\/12\/chalet.jpg\"><img loading=\"lazy\" decoding=\"async\" class=\"wp-image-290 alignnone colorbox-53\" src=\"https:\/\/www.amisdesjardinsfamiliauxdesaverne.fr\/wp-content\/uploads\/2014\/12\/chalet-300x200.jpg\" alt=\"chalet\" width=\"237\" height=\"162\" \/><\/a><\/p>\n<p>Le budget de ces travaux de r\u00e9am\u00e9nagement s\u2019\u00e9l\u00e8ve \u00e0 441 000 \u20ac HT dont 50% sont pris en charge par une subvention r\u00e9gionale dans le cadre du contrat ville moyenne.<\/p>\n<p>&nbsp;<\/p>\n","protected":false},"excerpt":{"rendered":"<p>L&rsquo;association des jardins familiaux de Saverne a \u00e9t\u00e9 fond\u00e9e en 1947. Elle a chang\u00e9 de nom \u00e0 plusieurs reprises en un demi-si\u00e8cle et elle a d\u00e9m\u00e9nag\u00e9e en 2010. Les jardins familiaux de Saverne tels que nous les connaissons aujourd\u2019hui sont &hellip; <a href=\"https:\/\/www.amisdesjardinsfamiliauxdesaverne.fr\/?page_id=53\">Continuer la lecture <span class=\"meta-nav\">&rarr;<\/span><\/a><\/p>\n","protected":false},"author":1,"featured_media":0,"parent":0,"menu_order":0,"comment_status":"closed","ping_status":"open","template":"","meta":{"footnotes":""},"class_list":["post-53","page","type-page","status-publish","hentry"],"_links":{"self":[{"href":"https:\/\/www.amisdesjardinsfamiliauxdesaverne.fr\/index.php?rest_route=\/wp\/v2\/pages\/53","targetHints":{"allow":["GET"]}}],"collection":[{"href":"https:\/\/www.amisdesjardinsfamiliauxdesaverne.fr\/index.php?rest_route=\/wp\/v2\/pages"}],"about":[{"href":"https:\/\/www.amisdesjardinsfamiliauxdesaverne.fr\/index.php?rest_route=\/wp\/v2\/types\/page"}],"author":[{"embeddable":true,"href":"https:\/\/www.amisdesjardinsfamiliauxdesaverne.fr\/index.php?rest_route=\/wp\/v2\/users\/1"}],"replies":[{"embeddable":true,"href":"https:\/\/www.amisdesjardinsfamiliauxdesaverne.fr\/index.php?rest_route=%2Fwp%2Fv2%2Fcomments&post=53"}],"version-history":[{"count":9,"href":"https:\/\/www.amisdesjardinsfamiliauxdesaverne.fr\/index.php?rest_route=\/wp\/v2\/pages\/53\/revisions"}],"predecessor-version":[{"id":1115,"href":"https:\/\/www.amisdesjardinsfamiliauxdesaverne.fr\/index.php?rest_route=\/wp\/v2\/pages\/53\/revisions\/1115"}],"wp:attachment":[{"href":"https:\/\/www.amisdesjardinsfamiliauxdesaverne.fr\/index.php?rest_route=%2Fwp%2Fv2%2Fmedia&parent=53"}],"curies":[{"name":"wp","href":"https:\/\/api.w.org\/{rel}","templated":true}]}}