{"id":619,"date":"2015-07-29T14:14:43","date_gmt":"2015-07-29T13:14:43","guid":{"rendered":"http:\/\/www.amisdesjardinsfamiliauxdesaverne.fr\/?page_id=619"},"modified":"2015-07-29T14:14:43","modified_gmt":"2015-07-29T13:14:43","slug":"fete-des-jardins","status":"publish","type":"page","link":"https:\/\/www.amisdesjardinsfamiliauxdesaverne.fr\/?page_id=619","title":{"rendered":"F\u00eate des jardins"},"content":{"rendered":"<p>Nous nous sommes retrouv\u00e9s le 11 juillet pour la f\u00eate des jardins. Apr\u00e8s un ap\u00e9ritif offert par l&rsquo;association et un repas pris en commun, tournoi de p\u00e9tanque, danses endiabl\u00e9es et remise des prix du concours du plus beau chapeau ont jalonn\u00e9 la soir\u00e9e.<\/p>\n<p>voici quelques photos de cette belle soir\u00e9e.<\/p>\n\n\t\t<style type=\"text\/css\">\n\t\t\t#gallery-1 {\n\t\t\t\tmargin: auto;\n\t\t\t}\n\t\t\t#gallery-1 .gallery-item {\n\t\t\t\tfloat: left;\n\t\t\t\tmargin-top: 10px;\n\t\t\t\ttext-align: center;\n\t\t\t\twidth: 33%;\n\t\t\t}\n\t\t\t#gallery-1 img {\n\t\t\t\tborder: 2px solid #cfcfcf;\n\t\t\t}\n\t\t\t#gallery-1 .gallery-caption {\n\t\t\t\tmargin-left: 0;\n\t\t\t}\n\t\t\t\/* see gallery_shortcode() in wp-includes\/media.php *\/\n\t\t<\/style>\n\t\t<div id='gallery-1' class='gallery galleryid-619 gallery-columns-3 gallery-size-thumbnail'><dl class='gallery-item'>\n\t\t\t<dt class='gallery-icon landscape'>\n\t\t\t\t<a href='https:\/\/www.amisdesjardinsfamiliauxdesaverne.fr\/wp-content\/uploads\/2015\/07\/barbecue1.jpg'><img loading=\"lazy\" decoding=\"async\" width=\"150\" height=\"150\" src=\"https:\/\/www.amisdesjardinsfamiliauxdesaverne.fr\/wp-content\/uploads\/2015\/07\/barbecue1-150x150.jpg\" class=\"attachment-thumbnail size-thumbnail colorbox-619 \" alt=\"\" \/><\/a>\n\t\t\t<\/dt><\/dl><dl class='gallery-item'>\n\t\t\t<dt class='gallery-icon landscape'>\n\t\t\t\t<a href='https:\/\/www.amisdesjardinsfamiliauxdesaverne.fr\/wp-content\/uploads\/2015\/07\/boules-1.jpg'><img loading=\"lazy\" decoding=\"async\" width=\"150\" height=\"150\" src=\"https:\/\/www.amisdesjardinsfamiliauxdesaverne.fr\/wp-content\/uploads\/2015\/07\/boules-1-150x150.jpg\" class=\"attachment-thumbnail size-thumbnail colorbox-619 \" alt=\"\" \/><\/a>\n\t\t\t<\/dt><\/dl><dl class='gallery-item'>\n\t\t\t<dt class='gallery-icon landscape'>\n\t\t\t\t<a href='https:\/\/www.amisdesjardinsfamiliauxdesaverne.fr\/wp-content\/uploads\/2015\/07\/boules-2.jpg'><img loading=\"lazy\" decoding=\"async\" width=\"150\" height=\"150\" src=\"https:\/\/www.amisdesjardinsfamiliauxdesaverne.fr\/wp-content\/uploads\/2015\/07\/boules-2-150x150.jpg\" class=\"attachment-thumbnail size-thumbnail colorbox-619 \" alt=\"\" \/><\/a>\n\t\t\t<\/dt><\/dl><br style=\"clear: both\" \/><dl class='gallery-item'>\n\t\t\t<dt class='gallery-icon portrait'>\n\t\t\t\t<a href='https:\/\/www.amisdesjardinsfamiliauxdesaverne.fr\/wp-content\/uploads\/2015\/07\/boules-3-e1438175536437.jpg'><img loading=\"lazy\" decoding=\"async\" width=\"150\" height=\"150\" src=\"https:\/\/www.amisdesjardinsfamiliauxdesaverne.fr\/wp-content\/uploads\/2015\/07\/boules-3-e1438175536437-150x150.jpg\" class=\"attachment-thumbnail size-thumbnail colorbox-619 \" alt=\"\" \/><\/a>\n\t\t\t<\/dt><\/dl><dl class='gallery-item'>\n\t\t\t<dt class='gallery-icon landscape'>\n\t\t\t\t<a href='https:\/\/www.amisdesjardinsfamiliauxdesaverne.fr\/wp-content\/uploads\/2015\/07\/danseurs-1.jpg'><img loading=\"lazy\" decoding=\"async\" width=\"150\" height=\"150\" src=\"https:\/\/www.amisdesjardinsfamiliauxdesaverne.fr\/wp-content\/uploads\/2015\/07\/danseurs-1-150x150.jpg\" class=\"attachment-thumbnail size-thumbnail colorbox-619 \" alt=\"\" \/><\/a>\n\t\t\t<\/dt><\/dl><dl class='gallery-item'>\n\t\t\t<dt class='gallery-icon landscape'>\n\t\t\t\t<a href='https:\/\/www.amisdesjardinsfamiliauxdesaverne.fr\/wp-content\/uploads\/2015\/07\/danseurs-3.jpg'><img loading=\"lazy\" decoding=\"async\" width=\"150\" height=\"150\" src=\"https:\/\/www.amisdesjardinsfamiliauxdesaverne.fr\/wp-content\/uploads\/2015\/07\/danseurs-3-150x150.jpg\" class=\"attachment-thumbnail size-thumbnail colorbox-619 \" alt=\"\" \/><\/a>\n\t\t\t<\/dt><\/dl><br style=\"clear: both\" \/><dl class='gallery-item'>\n\t\t\t<dt class='gallery-icon landscape'>\n\t\t\t\t<a href='https:\/\/www.amisdesjardinsfamiliauxdesaverne.fr\/wp-content\/uploads\/2015\/07\/danseurs.jpg'><img loading=\"lazy\" decoding=\"async\" width=\"150\" height=\"150\" src=\"https:\/\/www.amisdesjardinsfamiliauxdesaverne.fr\/wp-content\/uploads\/2015\/07\/danseurs-150x150.jpg\" class=\"attachment-thumbnail size-thumbnail colorbox-619 \" alt=\"\" \/><\/a>\n\t\t\t<\/dt><\/dl><dl class='gallery-item'>\n\t\t\t<dt class='gallery-icon landscape'>\n\t\t\t\t<a href='https:\/\/www.amisdesjardinsfamiliauxdesaverne.fr\/wp-content\/uploads\/2015\/07\/desserts.jpg'><img loading=\"lazy\" decoding=\"async\" width=\"150\" height=\"150\" src=\"https:\/\/www.amisdesjardinsfamiliauxdesaverne.fr\/wp-content\/uploads\/2015\/07\/desserts-150x150.jpg\" class=\"attachment-thumbnail size-thumbnail colorbox-619 \" alt=\"\" \/><\/a>\n\t\t\t<\/dt><\/dl><dl class='gallery-item'>\n\t\t\t<dt class='gallery-icon landscape'>\n\t\t\t\t<a href='https:\/\/www.amisdesjardinsfamiliauxdesaverne.fr\/wp-content\/uploads\/2015\/07\/premier-prix-1.jpg'><img loading=\"lazy\" decoding=\"async\" width=\"150\" height=\"150\" src=\"https:\/\/www.amisdesjardinsfamiliauxdesaverne.fr\/wp-content\/uploads\/2015\/07\/premier-prix-1-150x150.jpg\" class=\"attachment-thumbnail size-thumbnail colorbox-619 \" alt=\"\" \/><\/a>\n\t\t\t<\/dt><\/dl><br style=\"clear: both\" \/><dl class='gallery-item'>\n\t\t\t<dt class='gallery-icon portrait'>\n\t\t\t\t<a href='https:\/\/www.amisdesjardinsfamiliauxdesaverne.fr\/wp-content\/uploads\/2015\/07\/premier-prix-2-e1438175613590.jpg'><img loading=\"lazy\" decoding=\"async\" width=\"150\" height=\"150\" src=\"https:\/\/www.amisdesjardinsfamiliauxdesaverne.fr\/wp-content\/uploads\/2015\/07\/premier-prix-2-e1438175613590-150x150.jpg\" class=\"attachment-thumbnail size-thumbnail colorbox-619 \" alt=\"\" \/><\/a>\n\t\t\t<\/dt><\/dl><dl class='gallery-item'>\n\t\t\t<dt class='gallery-icon landscape'>\n\t\t\t\t<a href='https:\/\/www.amisdesjardinsfamiliauxdesaverne.fr\/wp-content\/uploads\/2015\/07\/Repas-1.jpg'><img loading=\"lazy\" decoding=\"async\" width=\"150\" height=\"150\" src=\"https:\/\/www.amisdesjardinsfamiliauxdesaverne.fr\/wp-content\/uploads\/2015\/07\/Repas-1-150x150.jpg\" class=\"attachment-thumbnail size-thumbnail colorbox-619 \" alt=\"\" \/><\/a>\n\t\t\t<\/dt><\/dl><dl class='gallery-item'>\n\t\t\t<dt class='gallery-icon landscape'>\n\t\t\t\t<a href='https:\/\/www.amisdesjardinsfamiliauxdesaverne.fr\/wp-content\/uploads\/2015\/07\/Repas.jpg'><img loading=\"lazy\" decoding=\"async\" width=\"150\" height=\"150\" src=\"https:\/\/www.amisdesjardinsfamiliauxdesaverne.fr\/wp-content\/uploads\/2015\/07\/Repas-150x150.jpg\" class=\"attachment-thumbnail size-thumbnail colorbox-619 \" alt=\"\" \/><\/a>\n\t\t\t<\/dt><\/dl><br style=\"clear: both\" \/>\n\t\t<\/div>\n\n","protected":false},"excerpt":{"rendered":"<p>Nous nous sommes retrouv\u00e9s le 11 juillet pour la f\u00eate des jardins. Apr\u00e8s un ap\u00e9ritif offert par l&rsquo;association et un repas pris en commun, tournoi de p\u00e9tanque, danses endiabl\u00e9es et remise des prix du concours du plus beau chapeau ont &hellip; <a href=\"https:\/\/www.amisdesjardinsfamiliauxdesaverne.fr\/?page_id=619\">Continuer la lecture <span class=\"meta-nav\">&rarr;<\/span><\/a><\/p>\n","protected":false},"author":1,"featured_media":0,"parent":0,"menu_order":0,"comment_status":"closed","ping_status":"closed","template":"","meta":{"footnotes":""},"class_list":["post-619","page","type-page","status-publish","hentry"],"_links":{"self":[{"href":"https:\/\/www.amisdesjardinsfamiliauxdesaverne.fr\/index.php?rest_route=\/wp\/v2\/pages\/619","targetHints":{"allow":["GET"]}}],"collection":[{"href":"https:\/\/www.amisdesjardinsfamiliauxdesaverne.fr\/index.php?rest_route=\/wp\/v2\/pages"}],"about":[{"href":"https:\/\/www.amisdesjardinsfamiliauxdesaverne.fr\/index.php?rest_route=\/wp\/v2\/types\/page"}],"author":[{"embeddable":true,"href":"https:\/\/www.amisdesjardinsfamiliauxdesaverne.fr\/index.php?rest_route=\/wp\/v2\/users\/1"}],"replies":[{"embeddable":true,"href":"https:\/\/www.amisdesjardinsfamiliauxdesaverne.fr\/index.php?rest_route=%2Fwp%2Fv2%2Fcomments&post=619"}],"version-history":[{"count":1,"href":"https:\/\/www.amisdesjardinsfamiliauxdesaverne.fr\/index.php?rest_route=\/wp\/v2\/pages\/619\/revisions"}],"predecessor-version":[{"id":636,"href":"https:\/\/www.amisdesjardinsfamiliauxdesaverne.fr\/index.php?rest_route=\/wp\/v2\/pages\/619\/revisions\/636"}],"wp:attachment":[{"href":"https:\/\/www.amisdesjardinsfamiliauxdesaverne.fr\/index.php?rest_route=%2Fwp%2Fv2%2Fmedia&parent=619"}],"curies":[{"name":"wp","href":"https:\/\/api.w.org\/{rel}","templated":true}]}}