{"id":860,"date":"2016-06-13T13:08:04","date_gmt":"2016-06-13T12:08:04","guid":{"rendered":"http:\/\/www.amisdesjardinsfamiliauxdesaverne.fr\/?page_id=860"},"modified":"2016-06-13T13:14:48","modified_gmt":"2016-06-13T12:14:48","slug":"les-engrais-verts","status":"publish","type":"page","link":"https:\/\/www.amisdesjardinsfamiliauxdesaverne.fr\/?page_id=860","title":{"rendered":"Les engrais verts"},"content":{"rendered":"<p>Les engrais verts en mara\u00eechage biologique apportent\u00a0une r\u00e9ponse \u00e0 de nombreuses pr\u00e9occupations telles que:<\/p>\n<ul>\n<li>la protection ou l&rsquo;am\u00e9lioration de la structure du sol<\/li>\n<li>la stimulation de l&rsquo;activit\u00e9 biologique<\/li>\n<li>la ma\u00eetrise des adventices<\/li>\n<li>la protection phytosanitaire<\/li>\n<\/ul>\n<p>Pour acc\u00e9der \u00e0 la fiche conseil: cliquez <a href=\"https:\/\/www.amisdesjardinsfamiliauxdesaverne.fr\/wp-content\/uploads\/2016\/06\/ENGRAIS-VERTS-4p.pdf\">ici<\/a><\/p>\n<p>&nbsp;<\/p>\n","protected":false},"excerpt":{"rendered":"<p>Les engrais verts en mara\u00eechage biologique apportent\u00a0une r\u00e9ponse \u00e0 de nombreuses pr\u00e9occupations telles que: la protection ou l&rsquo;am\u00e9lioration de la structure du sol la stimulation de l&rsquo;activit\u00e9 biologique la ma\u00eetrise des adventices la protection phytosanitaire Pour acc\u00e9der \u00e0 la fiche &hellip; <a href=\"https:\/\/www.amisdesjardinsfamiliauxdesaverne.fr\/?page_id=860\">Continuer la lecture <span class=\"meta-nav\">&rarr;<\/span><\/a><\/p>\n","protected":false},"author":1,"featured_media":0,"parent":0,"menu_order":0,"comment_status":"closed","ping_status":"closed","template":"","meta":{"footnotes":""},"class_list":["post-860","page","type-page","status-publish","hentry"],"_links":{"self":[{"href":"https:\/\/www.amisdesjardinsfamiliauxdesaverne.fr\/index.php?rest_route=\/wp\/v2\/pages\/860","targetHints":{"allow":["GET"]}}],"collection":[{"href":"https:\/\/www.amisdesjardinsfamiliauxdesaverne.fr\/index.php?rest_route=\/wp\/v2\/pages"}],"about":[{"href":"https:\/\/www.amisdesjardinsfamiliauxdesaverne.fr\/index.php?rest_route=\/wp\/v2\/types\/page"}],"author":[{"embeddable":true,"href":"https:\/\/www.amisdesjardinsfamiliauxdesaverne.fr\/index.php?rest_route=\/wp\/v2\/users\/1"}],"replies":[{"embeddable":true,"href":"https:\/\/www.amisdesjardinsfamiliauxdesaverne.fr\/index.php?rest_route=%2Fwp%2Fv2%2Fcomments&post=860"}],"version-history":[{"count":5,"href":"https:\/\/www.amisdesjardinsfamiliauxdesaverne.fr\/index.php?rest_route=\/wp\/v2\/pages\/860\/revisions"}],"predecessor-version":[{"id":867,"href":"https:\/\/www.amisdesjardinsfamiliauxdesaverne.fr\/index.php?rest_route=\/wp\/v2\/pages\/860\/revisions\/867"}],"wp:attachment":[{"href":"https:\/\/www.amisdesjardinsfamiliauxdesaverne.fr\/index.php?rest_route=%2Fwp%2Fv2%2Fmedia&parent=860"}],"curies":[{"name":"wp","href":"https:\/\/api.w.org\/{rel}","templated":true}]}}