{"id":95,"date":"2014-07-26T08:39:49","date_gmt":"2014-07-26T07:39:49","guid":{"rendered":"http:\/\/www.amisdesjardinsfamiliauxdesaverne.fr\/?page_id=95"},"modified":"2014-07-27T07:25:20","modified_gmt":"2014-07-27T06:25:20","slug":"charte-jardinage-et-environnement","status":"publish","type":"page","link":"https:\/\/www.amisdesjardinsfamiliauxdesaverne.fr\/?page_id=95","title":{"rendered":"Charte jardinage et environnement"},"content":{"rendered":"<p>La charte \u00ab\u00a0jardinage et environnement\u00a0\u00bb pr\u00e9cise\u00a0les pratiques favorisant durablement la protection de la nature et pr\u00e9servant la sant\u00e9 des hommes.<\/p>\n<ol>\n<li>Bien g\u00e9rer la mati\u00e8re organique,<\/li>\n<li>Ma\u00eetriser la consommation d&rsquo;eau,<\/li>\n<li>Choisir judicieusement les plantes cultiv\u00e9es,<\/li>\n<li>Cultiver un jardin et des plantes en pleine sant\u00e9,<\/li>\n<li>Etre attentif au probl\u00e8me des d\u00e9chets,<\/li>\n<li>Favoriser les pr\u00e9dateurs naturels alli\u00e9s des jardiniers,<\/li>\n<li>Embellir les jardins.<\/li>\n<\/ol>\n<p>Pour acc\u00e9der \u00e0 la charte compl\u00e8te, cliquez sur le lien : <a href=\"https:\/\/www.amisdesjardinsfamiliauxdesaverne.fr\/wp-content\/uploads\/2014\/07\/Charte-Jardinage-et-Environnement.pdf\" target=\"_blank\"><em><strong>charte<\/strong><\/em><\/a><\/p>\n","protected":false},"excerpt":{"rendered":"<p>La charte \u00ab\u00a0jardinage et environnement\u00a0\u00bb pr\u00e9cise\u00a0les pratiques favorisant durablement la protection de la nature et pr\u00e9servant la sant\u00e9 des hommes. Bien g\u00e9rer la mati\u00e8re organique, Ma\u00eetriser la consommation d&rsquo;eau, Choisir judicieusement les plantes cultiv\u00e9es, Cultiver un jardin et des plantes &hellip; <a href=\"https:\/\/www.amisdesjardinsfamiliauxdesaverne.fr\/?page_id=95\">Continuer la lecture <span class=\"meta-nav\">&rarr;<\/span><\/a><\/p>\n","protected":false},"author":1,"featured_media":0,"parent":0,"menu_order":0,"comment_status":"closed","ping_status":"closed","template":"","meta":{"footnotes":""},"class_list":["post-95","page","type-page","status-publish","hentry"],"_links":{"self":[{"href":"https:\/\/www.amisdesjardinsfamiliauxdesaverne.fr\/index.php?rest_route=\/wp\/v2\/pages\/95","targetHints":{"allow":["GET"]}}],"collection":[{"href":"https:\/\/www.amisdesjardinsfamiliauxdesaverne.fr\/index.php?rest_route=\/wp\/v2\/pages"}],"about":[{"href":"https:\/\/www.amisdesjardinsfamiliauxdesaverne.fr\/index.php?rest_route=\/wp\/v2\/types\/page"}],"author":[{"embeddable":true,"href":"https:\/\/www.amisdesjardinsfamiliauxdesaverne.fr\/index.php?rest_route=\/wp\/v2\/users\/1"}],"replies":[{"embeddable":true,"href":"https:\/\/www.amisdesjardinsfamiliauxdesaverne.fr\/index.php?rest_route=%2Fwp%2Fv2%2Fcomments&post=95"}],"version-history":[{"count":7,"href":"https:\/\/www.amisdesjardinsfamiliauxdesaverne.fr\/index.php?rest_route=\/wp\/v2\/pages\/95\/revisions"}],"predecessor-version":[{"id":105,"href":"https:\/\/www.amisdesjardinsfamiliauxdesaverne.fr\/index.php?rest_route=\/wp\/v2\/pages\/95\/revisions\/105"}],"wp:attachment":[{"href":"https:\/\/www.amisdesjardinsfamiliauxdesaverne.fr\/index.php?rest_route=%2Fwp%2Fv2%2Fmedia&parent=95"}],"curies":[{"name":"wp","href":"https:\/\/api.w.org\/{rel}","templated":true}]}}