{"id":957,"date":"2016-07-30T16:46:59","date_gmt":"2016-07-30T15:46:59","guid":{"rendered":"http:\/\/www.amisdesjardinsfamiliauxdesaverne.fr\/?page_id=957"},"modified":"2016-07-30T16:52:38","modified_gmt":"2016-07-30T15:52:38","slug":"rencontre-avec-nos-amis-allemands-2","status":"publish","type":"page","link":"https:\/\/www.amisdesjardinsfamiliauxdesaverne.fr\/?page_id=957","title":{"rendered":"Rencontre avec nos amis allemands"},"content":{"rendered":"<p>Comme chaque ann\u00e9e, nos deux associations se sont rencontr\u00e9es au d\u00e9but de l&rsquo;\u00e9t\u00e9. Nos amis jardiniers de Donaueschingen sont venus nous rendre visite le 2 juillet. Une superbe journ\u00e9e d&rsquo;amiti\u00e9 et de partage.M\u00eame le crachin breton du matin n&rsquo;a pas r\u00e9ussi \u00e0 g\u00e2cher la f\u00eate.<\/p>\n<p>Apr\u00e8s quelques mots prononc\u00e9s par les deux pr\u00e9sidents Heinz et Jean Fran\u00e7ois, le repas, un d\u00e9licieux sanglier \u00e0 la broche, concoct\u00e9 par Serge et son \u00e9quipe\u00a0a fait l&rsquo;unanimit\u00e9. Un tr\u00e8s grand bravo \u00e0 eux.<\/p>\n<p>La journ\u00e9e a continu\u00e9 par une visite de la cristallerie Lehrer d&rsquo;Artzwiller suivie d&rsquo;une petite pause Kaffe-Kuchen qui nous a permis de d\u00e9couvrir les talents culinaires de nos jardini\u00e8res.<\/p>\n<p>La journ\u00e9e s&rsquo;est cl\u00f4tur\u00e9e sous un soleil \u00e9clatant. Vivement l&rsquo;ann\u00e9e prochaine pour nos prochaines retrouvailles \u00e0 Donaueschingen.<\/p>\n<p style=\"text-align: center;\"><a href=\"https:\/\/www.amisdesjardinsfamiliauxdesaverne.fr\/wp-content\/uploads\/2016\/07\/11.retour.jpg\"><img loading=\"lazy\" decoding=\"async\" class=\"alignnone  wp-image-946 colorbox-957\" src=\"https:\/\/www.amisdesjardinsfamiliauxdesaverne.fr\/wp-content\/uploads\/2016\/07\/11.retour-300x225.jpg\" alt=\"11.retour\" width=\"250\" height=\"190\" \/><\/a><\/p>\n<p>Plus de photos dans la rubrique \u00ab\u00a0galeries photos\u00a0\u00bb<\/p>\n","protected":false},"excerpt":{"rendered":"<p>Comme chaque ann\u00e9e, nos deux associations se sont rencontr\u00e9es au d\u00e9but de l&rsquo;\u00e9t\u00e9. Nos amis jardiniers de Donaueschingen sont venus nous rendre visite le 2 juillet. Une superbe journ\u00e9e d&rsquo;amiti\u00e9 et de partage.M\u00eame le crachin breton du matin n&rsquo;a pas &hellip; <a href=\"https:\/\/www.amisdesjardinsfamiliauxdesaverne.fr\/?page_id=957\">Continuer la lecture <span class=\"meta-nav\">&rarr;<\/span><\/a><\/p>\n","protected":false},"author":1,"featured_media":0,"parent":0,"menu_order":0,"comment_status":"closed","ping_status":"closed","template":"","meta":{"footnotes":""},"class_list":["post-957","page","type-page","status-publish","hentry"],"_links":{"self":[{"href":"https:\/\/www.amisdesjardinsfamiliauxdesaverne.fr\/index.php?rest_route=\/wp\/v2\/pages\/957","targetHints":{"allow":["GET"]}}],"collection":[{"href":"https:\/\/www.amisdesjardinsfamiliauxdesaverne.fr\/index.php?rest_route=\/wp\/v2\/pages"}],"about":[{"href":"https:\/\/www.amisdesjardinsfamiliauxdesaverne.fr\/index.php?rest_route=\/wp\/v2\/types\/page"}],"author":[{"embeddable":true,"href":"https:\/\/www.amisdesjardinsfamiliauxdesaverne.fr\/index.php?rest_route=\/wp\/v2\/users\/1"}],"replies":[{"embeddable":true,"href":"https:\/\/www.amisdesjardinsfamiliauxdesaverne.fr\/index.php?rest_route=%2Fwp%2Fv2%2Fcomments&post=957"}],"version-history":[{"count":3,"href":"https:\/\/www.amisdesjardinsfamiliauxdesaverne.fr\/index.php?rest_route=\/wp\/v2\/pages\/957\/revisions"}],"predecessor-version":[{"id":962,"href":"https:\/\/www.amisdesjardinsfamiliauxdesaverne.fr\/index.php?rest_route=\/wp\/v2\/pages\/957\/revisions\/962"}],"wp:attachment":[{"href":"https:\/\/www.amisdesjardinsfamiliauxdesaverne.fr\/index.php?rest_route=%2Fwp%2Fv2%2Fmedia&parent=957"}],"curies":[{"name":"wp","href":"https:\/\/api.w.org\/{rel}","templated":true}]}}